{"id":942,"date":"2023-08-24T20:30:07","date_gmt":"2023-08-25T00:30:07","guid":{"rendered":"https:\/\/accionstem.cl\/?page_id=942"},"modified":"2023-08-24T20:38:05","modified_gmt":"2023-08-25T00:38:05","slug":"bienvenidos-a-nuestra-plataforma-de-compartir-experiencias-pedagogicas-innovadoras-en-el-area-stem","status":"publish","type":"page","link":"https:\/\/accionstem.cl\/index.php\/bienvenidos-a-nuestra-plataforma-de-compartir-experiencias-pedagogicas-innovadoras-en-el-area-stem\/","title":{"rendered":""},"content":{"rendered":"\n<h1 class=\"wp-block-heading alignwide has-text-align-center\">Comunidad Acci\u00f3n STEM<\/h1>\n\n\n\n<p>En un mundo en constante evoluci\u00f3n, la educaci\u00f3n juega un papel fundamental en la preparaci\u00f3n de las mentes del ma\u00f1ana. En este emocionante viaje, queremos invitarte a un espacio \u00fanico y enriquecedor: nuestra plataforma Comunidad Acci\u00f3n STEM. Aqu\u00ed, no solo compartimos conocimientos, sino que tambi\u00e9n construimos puentes de inspiraci\u00f3n, motivaci\u00f3n y excelencia.<\/p>\n\n\n\n<p>\u00bfPor qu\u00e9 unirte a nuestra comunidad? Porque entendemos que el poder de las ideas se multiplica cuando se comparten. En un campo tan din\u00e1mico como el STEM (Ciencia, Tecnolog\u00eda, Ingenier\u00eda y Matem\u00e1ticas), las innovaciones surgen a diario. Imagina tener acceso directo a las mentes que las crean, explorando sus \u00e9xitos, desaf\u00edos y soluciones. Al conectarnos, abrimos la puerta a un mundo de posibilidades.<\/p>\n\n\n\n<p>Nuestra plataforma es m\u00e1s que una colecci\u00f3n de experiencias. Es un espacio donde educadores, desde diferentes rincones y contextos, se re\u00fanen para nutrirse mutuamente. Cuando compartimos experiencias pedag\u00f3gicas, estamos construyendo un cimiento s\u00f3lido para el crecimiento y la mejora continua. Los desaf\u00edos que enfrentamos en nuestras aulas encuentran respuestas en las historias de aquellos que ya han encontrado soluciones efectivas.<\/p>\n\n\n\n<p>Inspiraci\u00f3n es la fuerza motriz detr\u00e1s de todo avance. Al navegar por nuestra plataforma, te sumergir\u00e1s en historias de educadores que han transformado sus clases en experiencias inolvidables para sus estudiantes. Imagina la chispa que se encender\u00e1 en tu propia ense\u00f1anza al descubrir nuevos enfoques y t\u00e9cnicas respaldados por la experiencia real de otros colegas.<\/p>\n\n\n\n<p>Tu trabajo es esencial para el futuro de la educaci\u00f3n STEM. Juntos, estamos trazando el camino hacia una ense\u00f1anza m\u00e1s efectiva, creativa e impactante. Cada historia compartida es un ladrillo en la construcci\u00f3n de una comunidad global de educadores comprometidos con la excelencia.<\/p>\n\n\n\n<p>\u00a1Te invitamos a unirte a nosotros en este emocionante viaje! <\/p>\n\n\n\n<div class=\"inherit-container-width wp-block-group has-white-background-color has-background is-layout-constrained wp-container-core-group-is-layout-fc3ba218 wp-block-group-is-layout-constrained\" style=\"padding-top:var(--wp--preset--spacing--80);padding-right:0;padding-bottom:var(--wp--preset--spacing--80);padding-left:0\">\n<div class=\"wp-block-buttons is-content-justification-center is-layout-flex wp-container-core-buttons-is-layout-a89b3969 wp-block-buttons-is-layout-flex\">\n<div class=\"wp-block-button has-custom-width wp-block-button__width-100\"><a class=\"wp-block-button__link wp-element-button\" href=\"https:\/\/comunidad.accionstem.cl\/discover\">Accede aqu\u00ed a Comunidad Acci\u00f3n STEM<\/a><\/div>\n<\/div>\n<\/div>\n","protected":false},"excerpt":{"rendered":"<p>Comunidad Acci\u00f3n STEM En un mundo en constante evoluci\u00f3n, la educaci\u00f3n juega un papel fundamental en la preparaci\u00f3n de las mentes del ma\u00f1ana. En este emocionante viaje, queremos invitarte a un espacio \u00fanico y enriquecedor: nuestra plataforma Comunidad Acci\u00f3n STEM. Aqu\u00ed, no solo compartimos conocimientos, sino que tambi\u00e9n construimos puentes de inspiraci\u00f3n, motivaci\u00f3n y excelencia. [&hellip;]<\/p>\n","protected":false},"author":1,"featured_media":0,"parent":0,"menu_order":0,"comment_status":"closed","ping_status":"closed","template":"","meta":{"site-sidebar-layout":"default","site-content-layout":"","ast-site-content-layout":"narrow-width-container","site-content-style":"unboxed","site-sidebar-style":"default","ast-global-header-display":"","ast-banner-title-visibility":"","ast-main-header-display":"","ast-hfb-above-header-display":"","ast-hfb-below-header-display":"","ast-hfb-mobile-header-display":"","site-post-title":"","ast-breadcrumbs-content":"","ast-featured-img":"","footer-sml-layout":"","theme-transparent-header-meta":"","adv-header-id-meta":"","stick-header-meta":"","header-above-stick-meta":"","header-main-stick-meta":"","header-below-stick-meta":"","astra-migrate-meta-layouts":"set","ast-page-background-enabled":"default","ast-page-background-meta":{"desktop":{"background-color":"var(--ast-global-color-4)","background-image":"","background-repeat":"repeat","background-position":"center center","background-size":"auto","background-attachment":"scroll","background-type":"","background-media":"","overlay-type":"","overlay-color":"","overlay-opacity":"","overlay-gradient":""},"tablet":{"background-color":"","background-image":"","background-repeat":"repeat","background-position":"center center","background-size":"auto","background-attachment":"scroll","background-type":"","background-media":"","overlay-type":"","overlay-color":"","overlay-opacity":"","overlay-gradient":""},"mobile":{"background-color":"","background-image":"","background-repeat":"repeat","background-position":"center center","background-size":"auto","background-attachment":"scroll","background-type":"","background-media":"","overlay-type":"","overlay-color":"","overlay-opacity":"","overlay-gradient":""}},"ast-content-background-meta":{"desktop":{"background-color":"var(--ast-global-color-5)","background-image":"","background-repeat":"repeat","background-position":"center center","background-size":"auto","background-attachment":"scroll","background-type":"","background-media":"","overlay-type":"","overlay-color":"","overlay-opacity":"","overlay-gradient":""},"tablet":{"background-color":"var(--ast-global-color-5)","background-image":"","background-repeat":"repeat","background-position":"center center","background-size":"auto","background-attachment":"scroll","background-type":"","background-media":"","overlay-type":"","overlay-color":"","overlay-opacity":"","overlay-gradient":""},"mobile":{"background-color":"var(--ast-global-color-5)","background-image":"","background-repeat":"repeat","background-position":"center center","background-size":"auto","background-attachment":"scroll","background-type":"","background-media":"","overlay-type":"","overlay-color":"","overlay-opacity":"","overlay-gradient":""}},"footnotes":""},"class_list":["post-942","page","type-page","status-publish","hentry"],"_links":{"self":[{"href":"https:\/\/accionstem.cl\/index.php\/wp-json\/wp\/v2\/pages\/942","targetHints":{"allow":["GET"]}}],"collection":[{"href":"https:\/\/accionstem.cl\/index.php\/wp-json\/wp\/v2\/pages"}],"about":[{"href":"https:\/\/accionstem.cl\/index.php\/wp-json\/wp\/v2\/types\/page"}],"author":[{"embeddable":true,"href":"https:\/\/accionstem.cl\/index.php\/wp-json\/wp\/v2\/users\/1"}],"replies":[{"embeddable":true,"href":"https:\/\/accionstem.cl\/index.php\/wp-json\/wp\/v2\/comments?post=942"}],"version-history":[{"count":6,"href":"https:\/\/accionstem.cl\/index.php\/wp-json\/wp\/v2\/pages\/942\/revisions"}],"predecessor-version":[{"id":953,"href":"https:\/\/accionstem.cl\/index.php\/wp-json\/wp\/v2\/pages\/942\/revisions\/953"}],"wp:attachment":[{"href":"https:\/\/accionstem.cl\/index.php\/wp-json\/wp\/v2\/media?parent=942"}],"curies":[{"name":"wp","href":"https:\/\/api.w.org\/{rel}","templated":true}]}}